{"id":108,"date":"2026-02-19T08:18:58","date_gmt":"2026-02-19T07:18:58","guid":{"rendered":"http:\/\/192.168.175.251:8081\/?page_id=108"},"modified":"2026-02-19T08:18:59","modified_gmt":"2026-02-19T07:18:59","slug":"impressum","status":"publish","type":"page","link":"https:\/\/nordseedartmasters.de\/index.php\/impressum\/","title":{"rendered":"Impressum"},"content":{"rendered":"\n<p>Auftraggeber und Besitzer dieser Homepage:<br>Sportverein Hage e. V.<br>Postanschrift: SV Hage e. V., Mannenweg 12,&nbsp; 26524 Hage<br>E-Mail:&nbsp;<a href=\"mailto:meinhard.diekmann@ewetel.net?subject=Sportverein%20Hage%20e.%20V.\">Vorstand<\/a><\/p>\n\n\n\n<p>Verantwortlich f\u00fcr die Gestaltung und&nbsp; Inhalte:<br>Onno Ehmen, Christian Richter und Jens Meyer<\/p>\n\n\n\n<p>Der SV Hage ist beim Amtsgericht Aurich&nbsp; unter dem Vereinsregister VR 120065 eingetragen.<\/p>\n\n\n\n<hr class=\"wp-block-separator has-alpha-channel-opacity\"\/>\n\n\n\n<p>Sie befinden sich auf den offiziellen Seiten des Sportvereins Hage e. V.<br>Alle hier angebotenen Texte, Bilder und sonstige Medien in digitaler Form auf dieser Internetseite unterliegen dem Copyright des Sportvereins Hage e. V. und d\u00fcrfen ohne ausdr\u00fcckliche Genehmigung weder kopiert noch verbreitet&nbsp; bzw. verlinkt werden!<\/p>\n\n\n\n<p>Wichtiger Hinweis:<br>Mit Urteil vom 12.05.1998 &#8211; 312 O 85\/98 &#8211; &#8222;Haftung f\u00fcr Links&#8220; hat das Landgericht Hamburg entschieden, dass man durch die Anbringung eines Links die Inhalte der gelinkten Seite ggf. mit zu verantworten hat. Dies kann nur dadurch verhindert werden, dass man sich ausdr\u00fccklich von diesen Inhalten distanziert.<br><br>&#8222;Hiermit distanzieren wir uns ausdr\u00fccklich von allen Inhalten aller gelinkten Seiten auf unserer Homepage und machen uns diese Inhalte nicht zu eigen. Diese Erkl\u00e4rung gilt f\u00fcr alle auf unserer Internetseite angebrachten Links, einschlie\u00dflich aller Werbeeinblendungen, auf die wir keinerlei Einfluss haben!&#8220;<\/p>\n\n\n\n<p><strong>Sportverein Hage e. V.<\/strong><\/p>\n","protected":false},"excerpt":{"rendered":"<p>Auftraggeber und Besitzer dieser Homepage:Sportverein Hage e. V.Postanschrift: SV Hage e. V., Mannenweg 12,&nbsp; 26524 HageE-Mail:&nbsp;Vorstand Verantwortlich f\u00fcr die Gestaltung und&nbsp; Inhalte:Onno Ehmen, Christian Richter und Jens Meyer Der SV Hage ist beim Amtsgericht Aurich&nbsp; unter dem Vereinsregister VR 120065 eingetragen. Sie befinden sich auf den offiziellen Seiten des Sportvereins [&hellip;]<\/p>\n","protected":false},"author":1,"featured_media":0,"parent":0,"menu_order":0,"comment_status":"closed","ping_status":"closed","template":"","meta":{"_themeisle_gutenberg_block_has_review":false,"footnotes":""},"class_list":["post-108","page","type-page","status-publish","hentry"],"_links":{"self":[{"href":"https:\/\/nordseedartmasters.de\/index.php\/wp-json\/wp\/v2\/pages\/108","targetHints":{"allow":["GET"]}}],"collection":[{"href":"https:\/\/nordseedartmasters.de\/index.php\/wp-json\/wp\/v2\/pages"}],"about":[{"href":"https:\/\/nordseedartmasters.de\/index.php\/wp-json\/wp\/v2\/types\/page"}],"author":[{"embeddable":true,"href":"https:\/\/nordseedartmasters.de\/index.php\/wp-json\/wp\/v2\/users\/1"}],"replies":[{"embeddable":true,"href":"https:\/\/nordseedartmasters.de\/index.php\/wp-json\/wp\/v2\/comments?post=108"}],"version-history":[{"count":1,"href":"https:\/\/nordseedartmasters.de\/index.php\/wp-json\/wp\/v2\/pages\/108\/revisions"}],"predecessor-version":[{"id":109,"href":"https:\/\/nordseedartmasters.de\/index.php\/wp-json\/wp\/v2\/pages\/108\/revisions\/109"}],"wp:attachment":[{"href":"https:\/\/nordseedartmasters.de\/index.php\/wp-json\/wp\/v2\/media?parent=108"}],"curies":[{"name":"wp","href":"https:\/\/api.w.org\/{rel}","templated":true}]}}