{"id":110,"date":"2026-02-19T08:21:58","date_gmt":"2026-02-19T07:21:58","guid":{"rendered":"http:\/\/192.168.175.251:8081\/?page_id=110"},"modified":"2026-03-07T05:52:33","modified_gmt":"2026-03-07T04:52:33","slug":"nordsee-dart-masters","status":"publish","type":"page","link":"https:\/\/nordseedartmasters.de\/index.php\/nordsee-dart-masters\/","title":{"rendered":"Nordsee Dart Masters"},"content":{"rendered":"<div class=\"wp-block-image\">\n<figure class=\"aligncenter size-large is-resized\"><img decoding=\"async\" src=\"https:\/\/dart.scubyhome.de\/wordpress\/wp-content\/uploads\/2026\/02\/Flyer_m_Sponsoren-1-765x1024.png\" alt=\"\" class=\"wp-image-1238\" style=\"width:426px;height:auto\"\/><\/figure>\n<\/div>\n\n\n<p><\/p>\n\n\n\n<div id=\"wp-block-themeisle-blocks-countdown-6d3ddb6e\" data-date=\"2026-05-23T14:00:00\" class=\"wp-block-themeisle-blocks-countdown\"><div class=\"otter-countdown__container\"><div class=\"otter-countdown__display\"><div name=\"day\" class=\"otter-countdown__display-area is-main-component\"><div class=\"otter-countdown__value\">0<\/div><div class=\"otter-countdown__label\">Day<\/div><\/div><div name=\"hour\" class=\"otter-countdown__display-area is-main-component\"><div class=\"otter-countdown__value\">0<\/div><div class=\"otter-countdown__label\">Hour<\/div><\/div><div name=\"minute\" class=\"otter-countdown__display-area is-main-component\"><div class=\"otter-countdown__value\">0<\/div><div class=\"otter-countdown__label\">Minute<\/div><\/div><div name=\"second\" class=\"otter-countdown__display-area is-main-component\"><div class=\"otter-countdown__value\">0<\/div><div class=\"otter-countdown__label\">Second<\/div><\/div><\/div><\/div><\/div>\n\n\n\n<p><strong>Generelles:<\/strong><\/p>\n\n\n\n<div class=\"wp-block-buttons is-layout-flex wp-block-buttons-is-layout-flex\">\n<div class=\"wp-block-button\"><a class=\"wp-block-button__link wp-element-button\" href=\"https:\/\/nordseedartmasters.de\/index.php\/ablauf\/\">Turnierablauf<\/a><\/div>\n\n\n\n<div class=\"wp-block-button\"><a class=\"wp-block-button__link wp-element-button\" href=\"https:\/\/2k-dart-software.com\/frontend\/events\/6\/registration\/1372\/register\" target=\"_blank\" rel=\"noreferrer noopener\">Anmeldung<\/a><\/div>\n\n\n\n<div class=\"wp-block-button\"><a class=\"wp-block-button__link wp-element-button\" href=\"https:\/\/nordseedartmasters.de\/index.php\/nordsee-dart-masters-rules\/\">Regelwerk<\/a><\/div>\n\n\n\n<div class=\"wp-block-button\"><a class=\"wp-block-button__link wp-element-button\" href=\"https:\/\/nordseedartmasters.de\/index.php\/sponsoren\/\">Sponsoren<\/a><\/div>\n<\/div>\n\n\n\n<p><\/p>\n\n\n\n<p><strong>Spielpl\u00e4ne:<\/strong><\/p>\n\n\n\n<div class=\"wp-block-buttons is-layout-flex wp-block-buttons-is-layout-flex\">\n<div class=\"wp-block-button\"><a class=\"wp-block-button__link wp-element-button\" href=\"https:\/\/2k-dart-software.com\/frontend\/events\/6\/event\/12278\/phase\/20892\" target=\"_blank\" rel=\"noreferrer noopener\">Nordsee Dart Fun Cup<\/a><\/div>\n\n\n\n<div class=\"wp-block-button\"><a class=\"wp-block-button__link wp-element-button\" href=\"https:\/\/2k-dart-software.com\/frontend\/events\/6\/event\/12279\/phase\/20895\" target=\"_blank\" rel=\"noreferrer noopener\">Nordsee Dart Double Trouble<\/a><\/div>\n\n\n\n<div class=\"wp-block-button\"><a class=\"wp-block-button__link wp-element-button\" href=\"https:\/\/2k-dart-software.com\/frontend\/events\/6\/event\/12280\/phase\/20897\" target=\"_blank\" rel=\"noreferrer noopener\">Nordsee Dart Masters<\/a><\/div>\n<\/div>\n\n\n\n<p><\/p>\n\n\n\n<p><strong>Live Ticker:<\/strong><\/p>\n\n\n\n<div class=\"wp-block-buttons is-layout-flex wp-block-buttons-is-layout-flex\">\n<div class=\"wp-block-button\"><a class=\"wp-block-button__link wp-element-button\">Nordsee Dart Fun Cup<\/a><\/div>\n\n\n\n<div class=\"wp-block-button\"><a class=\"wp-block-button__link wp-element-button\">Nordsee Dart Double Trouble<\/a><\/div>\n\n\n\n<div class=\"wp-block-button\"><a class=\"wp-block-button__link wp-element-button\">Nordsee Dart Masters<\/a><\/div>\n<\/div>\n\n\n\n<p><\/p>\n\n\n\n<p><strong>Allgemeine Informationen:<\/strong><\/p>\n\n\n\n<p><strong>Die Nordsee Dart Masters 2026<\/strong> steht in den Startl\u00f6chern \u2013 eines der gr\u00f6\u00dften Highlights im deutschen Steeldart-Amateursport! Als <strong>zweitgr\u00f6\u00dftes <strong>Amateur<\/strong>turnier Deutschlands<\/strong> zieht die Veranstaltung Spielerinnen und Spieler aus dem ganzen Land nach <strong>Norddeutschland<\/strong>, wo Tradition, sportlicher Ehrgeiz und echte Turnieratmosph\u00e4re aufeinandertreffen. Ausgerichtet wird das Event vom engagierten <strong>SV Hage<\/strong>.<\/p>\n\n\n\n<p>\u00dcber <strong>drei Tage<\/strong> hinweg verwandelt sich die Sporthalle der KGS Hage in ein pulsierendes Dart-Eldorado:<\/p>\n\n\n\n<ul class=\"wp-block-list\">\n<li><strong>Tag 1 \u2013 Samstag, 23.05.2026: Funturnier (Einzel)<\/strong><br>Mit max. <strong>192 Teilnehmern<\/strong> er\u00f6ffnet das beliebte Funturnier das Wochenende. Ein lockerer, mitrei\u00dfender Start, bei dem Spa\u00df und Stimmung im Vordergrund stehen \u2013 ideal, um sich warm zu werfen und die besondere Atmosph\u00e4re der Trophy zu genie\u00dfen.<\/li>\n\n\n\n<li><strong>Tag 2 \u2013 Sonntag, 24.05.2026: Doppelturnier<\/strong><br>Am Sonntag geht es weiter mit max. <strong>168 Teams<\/strong>, die im Doppel ihre Treffsicherheit und ihr Zusammenspiel unter Beweis stellen. Hier entstehen legend\u00e4re Momente, packende Matches und echte Teamgeist-Magie.<\/li>\n\n\n\n<li><strong>Tag 3 \u2013 Montag, 25.05.2026: Einzelturnier<\/strong><br>Das gro\u00dfe Highlight: das <strong>Einzelturnier mit max. 528 Teilnehmern<\/strong>. Ein gigantisches Teilnehmerfeld, volle Energie und Spannung pur \u2013 wer sich hier durchsetzt, schreibt ein kleines St\u00fcck norddeutscher Dartgeschichte.<\/li>\n<\/ul>\n\n\n\n<p>Die <strong>Nordsee Dart Masters 2026<\/strong> versprechen ein unvergessliches Turnierwochenende f\u00fcr Spieler, Fans und alle, die den besonderen Zauber des Steeldarts lieben.<br><strong>SV Hage l\u00e4dt ein \u2013 und ganz Dart-Deutschland schaut hin!<\/strong><\/p>\n\n\n\n<p><strong>Die Location:<\/strong><\/p>\n\n\n\n<figure class=\"wp-block-image size-large\"><img decoding=\"async\" src=\"https:\/\/dart.scubyhome.de\/wordpress\/wp-content\/uploads\/2025\/11\/image-6-1024x392.png\" alt=\"\" class=\"wp-image-1146\"\/><\/figure>\n\n\n\n<figure class=\"wp-block-image size-full\"><img decoding=\"async\" src=\"https:\/\/dart.scubyhome.de\/wordpress\/wp-content\/uploads\/2025\/11\/image-2.png\" alt=\"\" class=\"wp-image-1113\"\/><\/figure>\n\n\n\n<figure class=\"wp-block-gallery has-nested-images columns-default is-cropped wp-block-gallery-1 is-layout-flex wp-block-gallery-is-layout-flex\">\n<figure class=\"wp-block-image size-large\"><img loading=\"lazy\" decoding=\"async\" width=\"576\" height=\"1024\" data-id=\"216\" src=\"https:\/\/nordseedartmasters.de\/wp-content\/uploads\/2026\/03\/Halle1-1-576x1024.jpeg\" alt=\"\" class=\"wp-image-216\" srcset=\"https:\/\/nordseedartmasters.de\/wp-content\/uploads\/2026\/03\/Halle1-1-576x1024.jpeg 576w, https:\/\/nordseedartmasters.de\/wp-content\/uploads\/2026\/03\/Halle1-1-169x300.jpeg 169w, https:\/\/nordseedartmasters.de\/wp-content\/uploads\/2026\/03\/Halle1-1-768x1365.jpeg 768w, https:\/\/nordseedartmasters.de\/wp-content\/uploads\/2026\/03\/Halle1-1-864x1536.jpeg 864w, https:\/\/nordseedartmasters.de\/wp-content\/uploads\/2026\/03\/Halle1-1-72x128.jpeg 72w, https:\/\/nordseedartmasters.de\/wp-content\/uploads\/2026\/03\/Halle1-1-18x32.jpeg 18w, https:\/\/nordseedartmasters.de\/wp-content\/uploads\/2026\/03\/Halle1-1.jpeg 900w\" sizes=\"auto, (max-width: 576px) 100vw, 576px\" \/><\/figure>\n\n\n\n<figure class=\"wp-block-image size-large\"><img loading=\"lazy\" decoding=\"async\" width=\"576\" height=\"1024\" data-id=\"217\" src=\"https:\/\/nordseedartmasters.de\/wp-content\/uploads\/2026\/03\/Halle2-576x1024.jpeg\" alt=\"\" class=\"wp-image-217\" srcset=\"https:\/\/nordseedartmasters.de\/wp-content\/uploads\/2026\/03\/Halle2-576x1024.jpeg 576w, https:\/\/nordseedartmasters.de\/wp-content\/uploads\/2026\/03\/Halle2-169x300.jpeg 169w, https:\/\/nordseedartmasters.de\/wp-content\/uploads\/2026\/03\/Halle2-768x1365.jpeg 768w, https:\/\/nordseedartmasters.de\/wp-content\/uploads\/2026\/03\/Halle2-864x1536.jpeg 864w, https:\/\/nordseedartmasters.de\/wp-content\/uploads\/2026\/03\/Halle2-72x128.jpeg 72w, https:\/\/nordseedartmasters.de\/wp-content\/uploads\/2026\/03\/Halle2-18x32.jpeg 18w, https:\/\/nordseedartmasters.de\/wp-content\/uploads\/2026\/03\/Halle2.jpeg 900w\" sizes=\"auto, (max-width: 576px) 100vw, 576px\" \/><\/figure>\n<\/figure>\n\n\n\n<p>PayPal QR \/ Link <a href=\"https:\/\/www.paypal.com\/paypalme\/wilmhendrikschulz\" target=\"_blank\" rel=\"noreferrer noopener nofollow\">here<\/a>:<\/p>\n\n\n\n<figure class=\"wp-block-image size-full is-resized\"><img decoding=\"async\" src=\"https:\/\/dart.scubyhome.de\/wordpress\/wp-content\/uploads\/2025\/11\/qrcode-1.png\" alt=\"\" class=\"wp-image-1107\" style=\"width:213px;height:auto\"\/><\/figure>\n\n\n\n<p><\/p>\n","protected":false},"excerpt":{"rendered":"<p>Generelles: Spielpl\u00e4ne: Live Ticker: Allgemeine Informationen: Die Nordsee Dart Masters 2026 steht in den Startl\u00f6chern \u2013 eines der gr\u00f6\u00dften Highlights im deutschen Steeldart-Amateursport! Als zweitgr\u00f6\u00dftes Amateurturnier Deutschlands zieht die Veranstaltung Spielerinnen und Spieler aus dem ganzen Land nach Norddeutschland, wo Tradition, sportlicher Ehrgeiz und echte Turnieratmosph\u00e4re aufeinandertreffen. Ausgerichtet wird das [&hellip;]<\/p>\n","protected":false},"author":1,"featured_media":0,"parent":0,"menu_order":0,"comment_status":"closed","ping_status":"closed","template":"","meta":{"_themeisle_gutenberg_block_has_review":false,"footnotes":""},"class_list":["post-110","page","type-page","status-publish","hentry"],"_links":{"self":[{"href":"https:\/\/nordseedartmasters.de\/index.php\/wp-json\/wp\/v2\/pages\/110","targetHints":{"allow":["GET"]}}],"collection":[{"href":"https:\/\/nordseedartmasters.de\/index.php\/wp-json\/wp\/v2\/pages"}],"about":[{"href":"https:\/\/nordseedartmasters.de\/index.php\/wp-json\/wp\/v2\/types\/page"}],"author":[{"embeddable":true,"href":"https:\/\/nordseedartmasters.de\/index.php\/wp-json\/wp\/v2\/users\/1"}],"replies":[{"embeddable":true,"href":"https:\/\/nordseedartmasters.de\/index.php\/wp-json\/wp\/v2\/comments?post=110"}],"version-history":[{"count":6,"href":"https:\/\/nordseedartmasters.de\/index.php\/wp-json\/wp\/v2\/pages\/110\/revisions"}],"predecessor-version":[{"id":218,"href":"https:\/\/nordseedartmasters.de\/index.php\/wp-json\/wp\/v2\/pages\/110\/revisions\/218"}],"wp:attachment":[{"href":"https:\/\/nordseedartmasters.de\/index.php\/wp-json\/wp\/v2\/media?parent=110"}],"curies":[{"name":"wp","href":"https:\/\/api.w.org\/{rel}","templated":true}]}}