{"id":119,"date":"2026-02-19T08:23:58","date_gmt":"2026-02-19T07:23:58","guid":{"rendered":"http:\/\/192.168.175.251:8081\/?page_id=119"},"modified":"2026-02-19T08:23:59","modified_gmt":"2026-02-19T07:23:59","slug":"anfahrt","status":"publish","type":"page","link":"https:\/\/nordseedartmasters.de\/index.php\/anfahrt\/","title":{"rendered":"Anfahrt"},"content":{"rendered":"\n<p>\ud83d\udccd <strong>Sporthalle&nbsp;der&nbsp;KGS&nbsp;Hage<\/strong><\/p>\n\n\n\n<p>\ud83c\udfe0 <strong>Bahnhofstra\u00dfe&nbsp;2A, 26524&nbsp;Hage<\/strong><\/p>\n\n\n\n<p>\ud83d\uddfa\ufe0f <strong>Haupteingang<\/strong><\/p>\n\n\n\n<figure class=\"wp-block-image size-full is-resized\"><img decoding=\"async\" src=\"https:\/\/dart.scubyhome.de\/wordpress\/wp-content\/uploads\/2025\/11\/image-2.png\" alt=\"\" class=\"wp-image-1113\" style=\"aspect-ratio:1.9372972972972973;width:305px;height:auto\"\/><\/figure>\n\n\n\n<p><\/p>\n\n\n\n<div class=\"wp-block-buttons is-layout-flex wp-block-buttons-is-layout-flex\">\n<div class=\"wp-block-button\"><a class=\"wp-block-button__link wp-element-button\" href=\"https:\/\/www.google.com\/maps\/dir\/?api=1&amp;destination=Gro\u00dfe Turnhalle Hage\">Route planen<\/a><\/div>\n<\/div>\n\n\n\n<p><\/p>\n\n\n\n<p><strong>Anreise mit dem Auto<\/strong><\/p>\n\n\n\n<p>Autobahn A31 in Emden-Mitte (Abfahrt 3) verlassen und auf die B210 Richtung Aurich\/Wilhelmshaven abbiegen.<\/p>\n\n\n\n<p>Der B210 f\u00fcr mehrere Kilometer folgen, dann links auf die B72 Richtung Norden\/Norddeich abbiegen.<\/p>\n\n\n\n<p>Der B72 bis nach Norden folgen. Im ersten Kreisverkehr die B72 an der ersten Ausfahrt verlassen und auf die K\u00fcstenbahnstra\u00dfe abbiegen.<\/p>\n\n\n\n<p>Der K\u00fcstenbahnstra\u00dfe bis Hage folgen, dann rechts auf die Bahnhofstra\u00dfe abbiegen.<\/p>\n\n\n\n<p><em>Parkm\u00f6glichkeiten stehen an folgenden Standorten bereit:<\/em><\/p>\n\n\n\n<p><em>Bahnhofstra\u00dfe<\/em><\/p>\n\n\n\n<p><em>E-Center Kruse (Baantjebur 4, 26524 Hage)<\/em><\/p>\n\n\n\n<p><em>Combi Verbrauchermarkt (Am Edenhof 1A, 26524 Hage)<\/em><\/p>\n\n\n\n<p><\/p>\n\n\n\n<p><strong>Anreise mit der Bahn<\/strong><\/p>\n\n\n\n<p>Am Bahnhof Norden den Zug verlassen und zum ZOB gehen<\/p>\n\n\n\n<p>Am ZOB die Linie 445 Richtung Extum oder die Linie K1 Richtung Esens nehmen<\/p>\n\n\n\n<p>Die Linie K1\/445 an der Haltestelle &#8222;Hage Hauptstra\u00dfe\/Kirche&#8220; verlassen.<\/p>\n\n\n\n<p>Von der Haltestelle aus links in die Bahnhofstra\u00dfe laufen.<\/p>\n\n\n\n<p><\/p>\n","protected":false},"excerpt":{"rendered":"<p>\ud83d\udccd Sporthalle&nbsp;der&nbsp;KGS&nbsp;Hage \ud83c\udfe0 Bahnhofstra\u00dfe&nbsp;2A, 26524&nbsp;Hage \ud83d\uddfa\ufe0f Haupteingang Anreise mit dem Auto Autobahn A31 in Emden-Mitte (Abfahrt 3) verlassen und auf die B210 Richtung Aurich\/Wilhelmshaven abbiegen. Der B210 f\u00fcr mehrere Kilometer folgen, dann links auf die B72 Richtung Norden\/Norddeich abbiegen. Der B72 bis nach Norden folgen. Im ersten Kreisverkehr die B72 [&hellip;]<\/p>\n","protected":false},"author":1,"featured_media":0,"parent":0,"menu_order":0,"comment_status":"closed","ping_status":"closed","template":"","meta":{"_themeisle_gutenberg_block_has_review":false,"footnotes":""},"class_list":["post-119","page","type-page","status-publish","hentry"],"_links":{"self":[{"href":"https:\/\/nordseedartmasters.de\/index.php\/wp-json\/wp\/v2\/pages\/119","targetHints":{"allow":["GET"]}}],"collection":[{"href":"https:\/\/nordseedartmasters.de\/index.php\/wp-json\/wp\/v2\/pages"}],"about":[{"href":"https:\/\/nordseedartmasters.de\/index.php\/wp-json\/wp\/v2\/types\/page"}],"author":[{"embeddable":true,"href":"https:\/\/nordseedartmasters.de\/index.php\/wp-json\/wp\/v2\/users\/1"}],"replies":[{"embeddable":true,"href":"https:\/\/nordseedartmasters.de\/index.php\/wp-json\/wp\/v2\/comments?post=119"}],"version-history":[{"count":1,"href":"https:\/\/nordseedartmasters.de\/index.php\/wp-json\/wp\/v2\/pages\/119\/revisions"}],"predecessor-version":[{"id":120,"href":"https:\/\/nordseedartmasters.de\/index.php\/wp-json\/wp\/v2\/pages\/119\/revisions\/120"}],"wp:attachment":[{"href":"https:\/\/nordseedartmasters.de\/index.php\/wp-json\/wp\/v2\/media?parent=119"}],"curies":[{"name":"wp","href":"https:\/\/api.w.org\/{rel}","templated":true}]}}