{"id":17,"date":"2026-02-18T17:12:37","date_gmt":"2026-02-18T16:12:37","guid":{"rendered":"http:\/\/192.168.175.251:8081\/?page_id=17"},"modified":"2026-03-07T05:33:03","modified_gmt":"2026-03-07T04:33:03","slug":"start","status":"publish","type":"page","link":"https:\/\/nordseedartmasters.de\/","title":{"rendered":"Start"},"content":{"rendered":"\n<div class=\"wp-block-cover alignfull is-light hestia-clear-top-padding\"><span aria-hidden=\"true\" class=\"wp-block-cover__background has-white-background-color has-background-dim-100 has-background-dim\"><\/span><div class=\"wp-block-cover__inner-container is-layout-flow wp-block-cover-is-layout-flow\">\n<h2 class=\"wp-block-heading has-text-align-center has-text-color\" style=\"color:#3c4858\">Das erwartet euch!<\/h2>\n\n\n\n<div id=\"wp-block-themeisle-blocks-countdown-6d3ddb6e\" data-date=\"2026-05-23T14:00:00\" class=\"wp-block-themeisle-blocks-countdown\"><div class=\"otter-countdown__container\"><div class=\"otter-countdown__display\"><div name=\"day\" class=\"otter-countdown__display-area is-main-component\"><div class=\"otter-countdown__value\">0<\/div><div class=\"otter-countdown__label\">Day<\/div><\/div><div name=\"hour\" class=\"otter-countdown__display-area is-main-component\"><div class=\"otter-countdown__value\">0<\/div><div class=\"otter-countdown__label\">Hour<\/div><\/div><div name=\"minute\" class=\"otter-countdown__display-area is-main-component\"><div class=\"otter-countdown__value\">0<\/div><div class=\"otter-countdown__label\">Minute<\/div><\/div><div name=\"second\" class=\"otter-countdown__display-area is-main-component\"><div class=\"otter-countdown__value\">0<\/div><div class=\"otter-countdown__label\">Second<\/div><\/div><\/div><\/div><\/div>\n\n\n\n<div style=\"height:40px\" aria-hidden=\"true\" class=\"wp-block-spacer\"><\/div>\n\n\n\n<div class=\"wp-block-columns container is-layout-flex wp-container-core-columns-is-layout-28f84493 wp-block-columns-is-layout-flex\">\n<div class=\"wp-block-column is-layout-flow wp-block-column-is-layout-flow\"><div class=\"wp-block-image\">\n<figure class=\"aligncenter size-large\"><img decoding=\"async\" src=\"https:\/\/nordseedartmasters.de\/wp-content\/uploads\/2026\/02\/dart_1.jpg\" alt=\"\" class=\"wp-image-70\"\/><\/figure>\n<\/div>\n\n\n<h5 class=\"wp-block-heading has-text-align-center has-text-color\" style=\"color:#3c4858;font-size:18px\">Fun Turnier<\/h5>\n\n\n\n<p class=\"has-text-align-center has-text-color\" style=\"color:#999999;font-size:14px\">Mit max.&nbsp;<strong>192 Teilnehmern<\/strong>&nbsp;er\u00f6ffnet das beliebte Funturnier das Wochenende. Ein lockerer, mitrei\u00dfender Start, bei dem Spa\u00df und Stimmung im Vordergrund stehen \u2013 ideal, um sich warm zu werfen und die besondere Atmosph\u00e4re der Trophy zu genie\u00dfen.<\/p>\n\n\n\n<div style=\"height:25px\" aria-hidden=\"true\" class=\"wp-block-spacer\"><\/div>\n<\/div>\n\n\n\n<div class=\"wp-block-column is-layout-flow wp-block-column-is-layout-flow\"><div class=\"wp-block-image\">\n<figure class=\"aligncenter size-large\"><img decoding=\"async\" src=\"https:\/\/nordseedartmasters.de\/wp-content\/uploads\/2026\/02\/dart_2.jpg\" alt=\"\" class=\"wp-image-71\"\/><\/figure>\n<\/div>\n\n\n<h5 class=\"wp-block-heading has-text-align-center has-text-color\" style=\"color:#3c4858;font-size:18px\">Double Trouble<\/h5>\n\n\n\n<p class=\"has-text-align-center has-text-color\" style=\"color:#999999;font-size:14px\">Am Sonntag geht es weiter mit max.&nbsp;<strong>168 Teams<\/strong>, die im Doppel ihre Treffsicherheit und ihr Zusammenspiel unter Beweis stellen. Hier entstehen legend\u00e4re Momente, packende Matches und echte Teamgeist-Magie.<\/p>\n\n\n\n<div style=\"height:25px\" aria-hidden=\"true\" class=\"wp-block-spacer\"><\/div>\n<\/div>\n\n\n\n<div class=\"wp-block-column is-layout-flow wp-block-column-is-layout-flow\"><div class=\"wp-block-image\">\n<figure class=\"aligncenter size-large\"><img decoding=\"async\" src=\"https:\/\/nordseedartmasters.de\/wp-content\/uploads\/2026\/02\/dart_3.jpg\" alt=\"\" class=\"wp-image-72\"\/><\/figure>\n<\/div>\n\n\n<h5 class=\"wp-block-heading has-text-align-center has-text-color\" style=\"color:#3c4858;font-size:18px\">Nordsee Dart Masters<\/h5>\n\n\n\n<p class=\"has-text-align-center has-text-color\" style=\"color:#999999;font-size:14px\">Das gro\u00dfe Highlight: das&nbsp;<strong>Einzelturnier mit max. 528 Teilnehmern<\/strong>. Ein gigantisches Teilnehmerfeld, volle Energie und Spannung pur \u2013 wer sich hier durchsetzt, schreibt ein kleines St\u00fcck norddeutscher Dartgeschichte.<\/p>\n\n\n\n<div style=\"height:25px\" aria-hidden=\"true\" class=\"wp-block-spacer\"><\/div>\n<\/div>\n<\/div>\n\n\n\n<div style=\"height:40px\" aria-hidden=\"true\" class=\"wp-block-spacer\"><\/div>\n<\/div><\/div>\n\n\n\n<div class=\"wp-block-columns container is-layout-flex wp-container-core-columns-is-layout-28f84493 wp-block-columns-is-layout-flex\">\n<div class=\"wp-block-column col-md-5 is-layout-flow wp-block-column-is-layout-flow\">\n<div style=\"height:55px\" aria-hidden=\"true\" class=\"wp-block-spacer\"><\/div>\n\n\n\n<h2 class=\"wp-block-heading\"><\/h2>\n\n\n\n<p>Die&nbsp;<strong>Nordsee Dart Masters 2026<\/strong>&nbsp;versprechen ein unvergessliches Turnierwochenende f\u00fcr Spieler, Fans und alle, die den besonderen Zauber des Steeldarts lieben.<br><strong>SV Hage l\u00e4dt ein \u2013 und ganz Dart-Deutschland schaut hin!<\/strong><\/p>\n<\/div>\n\n\n\n<div class=\"wp-block-column col-md-6 col-md-offset1 is-layout-flow wp-block-column-is-layout-flow\">\n<div style=\"height:55px\" aria-hidden=\"true\" class=\"wp-block-spacer\"><\/div>\n\n\n\n<p>powered by:<\/p>\n\n\n\n<figure class=\"wp-block-image size-full\"><img loading=\"lazy\" decoding=\"async\" width=\"933\" height=\"462\" src=\"http:\/\/192.168.175.251:8081\/wp-content\/uploads\/2026\/02\/Daniel_Buss-1.png\" alt=\"\" class=\"wp-image-72\" srcset=\"https:\/\/nordseedartmasters.de\/wp-content\/uploads\/2026\/02\/Daniel_Buss-1.png 933w, https:\/\/nordseedartmasters.de\/wp-content\/uploads\/2026\/02\/Daniel_Buss-1-300x149.png 300w, https:\/\/nordseedartmasters.de\/wp-content\/uploads\/2026\/02\/Daniel_Buss-1-768x380.png 768w\" sizes=\"auto, (max-width: 933px) 100vw, 933px\" \/><\/figure>\n\n\n\n<p><\/p>\n<\/div>\n<\/div>\n","protected":false},"excerpt":{"rendered":"<p>Die&nbsp;Nordsee Dart Masters 2026&nbsp;versprechen ein unvergessliches Turnierwochenende f\u00fcr Spieler, Fans und alle, die den besonderen Zauber des Steeldarts lieben.SV Hage l\u00e4dt ein \u2013 und ganz Dart-Deutschland schaut hin! powered by:<\/p>\n","protected":false},"author":1,"featured_media":57,"parent":0,"menu_order":0,"comment_status":"closed","ping_status":"closed","template":"","meta":{"_themeisle_gutenberg_block_has_review":false,"footnotes":""},"class_list":["post-17","page","type-page","status-publish","has-post-thumbnail","hentry"],"_links":{"self":[{"href":"https:\/\/nordseedartmasters.de\/index.php\/wp-json\/wp\/v2\/pages\/17","targetHints":{"allow":["GET"]}}],"collection":[{"href":"https:\/\/nordseedartmasters.de\/index.php\/wp-json\/wp\/v2\/pages"}],"about":[{"href":"https:\/\/nordseedartmasters.de\/index.php\/wp-json\/wp\/v2\/types\/page"}],"author":[{"embeddable":true,"href":"https:\/\/nordseedartmasters.de\/index.php\/wp-json\/wp\/v2\/users\/1"}],"replies":[{"embeddable":true,"href":"https:\/\/nordseedartmasters.de\/index.php\/wp-json\/wp\/v2\/comments?post=17"}],"version-history":[{"count":13,"href":"https:\/\/nordseedartmasters.de\/index.php\/wp-json\/wp\/v2\/pages\/17\/revisions"}],"predecessor-version":[{"id":212,"href":"https:\/\/nordseedartmasters.de\/index.php\/wp-json\/wp\/v2\/pages\/17\/revisions\/212"}],"wp:featuredmedia":[{"embeddable":true,"href":"https:\/\/nordseedartmasters.de\/index.php\/wp-json\/wp\/v2\/media\/57"}],"wp:attachment":[{"href":"https:\/\/nordseedartmasters.de\/index.php\/wp-json\/wp\/v2\/media?parent=17"}],"curies":[{"name":"wp","href":"https:\/\/api.w.org\/{rel}","templated":true}]}}